{"id":7,"date":"2023-07-03T17:20:37","date_gmt":"2023-07-03T17:20:37","guid":{"rendered":"http:\/\/farmasimply.com.ar\/?page_id=7"},"modified":"2023-07-03T17:20:37","modified_gmt":"2023-07-03T17:20:37","slug":"carrito","status":"publish","type":"page","link":"https:\/\/farmasimply.com.ar\/?page_id=7","title":{"rendered":"Carrito"},"content":{"rendered":"<div class=\"woocommerce\"><div class=\"woocommerce-notices-wrapper\"><\/div><div class=\"woocommerce row row-large row-divided\">\n<div class=\"col large-7 pb-0 \">\n\n\n<form class=\"woocommerce-cart-form\" action=\"https:\/\/farmasimply.com.ar\/?page_id=7\" method=\"post\">\n<div class=\"cart-wrapper sm-touch-scroll\">\n\n\t\n\t<table class=\"shop_table shop_table_responsive cart woocommerce-cart-form__contents\" cellspacing=\"0\">\n\t\t<thead>\n\t\t\t<tr>\n\t\t\t\t<th class=\"product-name\" colspan=\"3\">Producto<\/th>\n\t\t\t\t<th class=\"product-price\">Precio<\/th>\n\t\t\t\t<th class=\"product-quantity\">Cantidad<\/th>\n\t\t\t\t<th class=\"product-subtotal\">Subtotal<\/th>\n\t\t\t<\/tr>\n\t\t<\/thead>\n\t\t<tbody>\n\t\t\t\n\t\t\t\t\t\t\t\t<tr class=\"woocommerce-cart-form__cart-item cart_item\">\n\n\t\t\t\t\t\t<td class=\"product-remove\">\n\t\t\t\t\t\t\t<a href=\"https:\/\/farmasimply.com.ar\/?page_id=7&#038;remove_item=db27a2459bbd1a02bc74db649d9759bd&#038;_wpnonce=29ae6526d7\" class=\"remove\" aria-label=\"Remove this item\" data-product_id=\"9152\" data-product_sku=\"7795371459443\">&times;<\/a>\t\t\t\t\t\t<\/td>\n\n\t\t\t\t\t\t<td class=\"product-thumbnail\">\n\t\t\t\t\t\t<a href=\"https:\/\/farmasimply.com.ar\/?product=colageno-en-polvo-hidrolizado-ultraflex-magnesio-x-300gr\"><img loading=\"lazy\" decoding=\"async\" width=\"247\" height=\"247\" src=\"https:\/\/farmasimply.com.ar\/wp-content\/uploads\/2023\/07\/ultraflex_colageno_hidrolizado_en_polvo_imagen1-247x247.jpg\" class=\"attachment-woocommerce_thumbnail size-woocommerce_thumbnail\" alt=\"\" srcset=\"https:\/\/farmasimply.com.ar\/wp-content\/uploads\/2023\/07\/ultraflex_colageno_hidrolizado_en_polvo_imagen1-247x247.jpg 247w, https:\/\/farmasimply.com.ar\/wp-content\/uploads\/2023\/07\/ultraflex_colageno_hidrolizado_en_polvo_imagen1-100x100.jpg 100w, https:\/\/farmasimply.com.ar\/wp-content\/uploads\/2023\/07\/ultraflex_colageno_hidrolizado_en_polvo_imagen1-510x510.jpg 510w, https:\/\/farmasimply.com.ar\/wp-content\/uploads\/2023\/07\/ultraflex_colageno_hidrolizado_en_polvo_imagen1-64x64.jpg 64w, https:\/\/farmasimply.com.ar\/wp-content\/uploads\/2023\/07\/ultraflex_colageno_hidrolizado_en_polvo_imagen1-300x300.jpg 300w, https:\/\/farmasimply.com.ar\/wp-content\/uploads\/2023\/07\/ultraflex_colageno_hidrolizado_en_polvo_imagen1-150x150.jpg 150w, https:\/\/farmasimply.com.ar\/wp-content\/uploads\/2023\/07\/ultraflex_colageno_hidrolizado_en_polvo_imagen1-768x768.jpg 768w, https:\/\/farmasimply.com.ar\/wp-content\/uploads\/2023\/07\/ultraflex_colageno_hidrolizado_en_polvo_imagen1.jpg 1000w\" sizes=\"(max-width: 247px) 100vw, 247px\" \/><\/a>\t\t\t\t\t\t<\/td>\n\n\t\t\t\t\t\t<td class=\"product-name\" data-title=\"Producto\">\n\t\t\t\t\t\t<a href=\"https:\/\/farmasimply.com.ar\/?product=colageno-en-polvo-hidrolizado-ultraflex-magnesio-x-300gr\">Colageno En Polvo Hidrolizado Ultraflex Magnesio x 300gr<\/a>\t\t\t\t\t\t\t<div class=\"show-for-small mobile-product-price\">\n\t\t\t\t\t\t\t\t<span class=\"mobile-product-price__qty\">1 x <\/span>\n\t\t\t\t\t\t\t\t<span class=\"woocommerce-Price-amount amount\"><bdi><span class=\"woocommerce-Price-currencySymbol\">&#36;<\/span>&nbsp;32.649,36<\/bdi><\/span>\t\t\t\t\t\t\t<\/div>\n\t\t\t\t\t\t<\/td>\n\n\t\t\t\t\t\t<td class=\"product-price\" data-title=\"Precio\">\n\t\t\t\t\t\t\t<span class=\"woocommerce-Price-amount amount\"><bdi><span class=\"woocommerce-Price-currencySymbol\">&#36;<\/span>&nbsp;32.649,36<\/bdi><\/span>\t\t\t\t\t\t<\/td>\n\n\t\t\t\t\t\t<td class=\"product-quantity\" data-title=\"Cantidad\">\n\t\t\t\t\t\t\t<div class=\"quantity buttons_added\">\n\t\t<input type=\"button\" value=\"-\" class=\"minus button is-form\">\t\t\t\t<label class=\"screen-reader-text\" for=\"quantity_69f3e362def2d\">Colageno En Polvo Hidrolizado Ultraflex Magnesio x 300gr cantidad<\/label>\n\t\t<input\n\t\t\ttype=\"number\"\n\t\t\tid=\"quantity_69f3e362def2d\"\n\t\t\tclass=\"input-text qty text\"\n\t\t\tstep=\"1\"\n\t\t\tmin=\"0\"\n\t\t\tmax=\"\"\n\t\t\tname=\"cart[db27a2459bbd1a02bc74db649d9759bd][qty]\"\n\t\t\tvalue=\"1\"\n\t\t\ttitle=\"Qty\"\n\t\t\tsize=\"4\"\n\t\t\tplaceholder=\"\"\n\t\t\tinputmode=\"numeric\" \/>\n\t\t\t\t<input type=\"button\" value=\"+\" class=\"plus button is-form\">\t<\/div>\n\t\t\t\t\t\t\t<\/td>\n\n\t\t\t\t\t\t<td class=\"product-subtotal\" data-title=\"Subtotal\">\n\t\t\t\t\t\t\t<span class=\"woocommerce-Price-amount amount\"><bdi><span class=\"woocommerce-Price-currencySymbol\">&#36;<\/span>&nbsp;32.649,36<\/bdi><\/span>\t\t\t\t\t\t<\/td>\n\t\t\t\t\t<\/tr>\n\t\t\t\t\t\n\t\t\t\n\t\t\t<tr>\n\t\t\t\t<td colspan=\"6\" class=\"actions clear\">\n\n\t\t\t\t\t\n<div class=\"continue-shopping pull-left text-left\">\n\t<a class=\"button-continue-shopping button primary is-outline\"  href=\"https:\/\/farmasimply.com.ar\/?page_id=6\">\n\t\t&#8592;&nbsp;Seguir comprando\t<\/a>\n<\/div>\n\n\t\t\t\t\t<button type=\"submit\" class=\"button primary mt-0 pull-left small\" name=\"update_cart\" value=\"Actualizar carrito\">Actualizar carrito<\/button>\n\n\t\t\t\t\t<input type=\"hidden\" id=\"woocommerce-cart-nonce\" name=\"woocommerce-cart-nonce\" value=\"29ae6526d7\" \/><input type=\"hidden\" name=\"_wp_http_referer\" value=\"\/index.php?rest_route=%2Fwp%2Fv2%2Fpages%2F7\" \/>\t\t\t\t<\/td>\n\t\t\t<\/tr>\n\n\t\t\t\t\t<\/tbody>\n\t<\/table>\n\t<\/div>\n<\/form>\n<\/div>\n\n\n<div class=\"cart-collaterals large-5 col pb-0\">\n\t\n\t<div class=\"cart-sidebar col-inner \">\n\t\t<div class=\"cart_totals \">\n\n\t          <table cellspacing=\"0\">\n          <thead>\n              <tr>\n                  <th class=\"product-name\" colspan=\"2\" style=\"border-width:3px;\">Totales del carrito<\/th>\n              <\/tr>\n          <\/thead>\n          <\/table>\n  \n\t<h2>Totales del carrito<\/h2>\n\n\t<table cellspacing=\"0\" class=\"shop_table shop_table_responsive\">\n\n\t\t<tr class=\"cart-subtotal\">\n\t\t\t<th>Subtotal<\/th>\n\t\t\t<td data-title=\"Subtotal\"><span class=\"woocommerce-Price-amount amount\"><bdi><span class=\"woocommerce-Price-currencySymbol\">&#36;<\/span>&nbsp;32.649,36<\/bdi><\/span><\/td>\n\t\t<\/tr>\n\n\t\t\n\t\t\n\t\t\t\n\t\t\t<tr class=\"woocommerce-shipping-totals shipping \">\n\t<td class=\"shipping__inner\" colspan=\"2\">\n\t\t<table class=\"shipping__table \">\n\t\t\t<tbody>\n\t\t\t\t<tr>\n\t\t\t\t\t<th >Env\u00edo<\/th>\n\t\t\t\t\t<td data-title=\"Env\u00edo\">\n\t\t\t\t\t\tIntroduce tu direcci\u00f3n para ver las opciones de env\u00edo.\n\t\t\t\t\t\t\n\t\t\t\t\t\t\t\t\t\t\t\t\t\n<form class=\"woocommerce-shipping-calculator\" action=\"https:\/\/farmasimply.com.ar\/?page_id=7\" method=\"post\">\n\n\t<a href=\"#\" class=\"shipping-calculator-button\">Calcular env\u00edo<\/a>\n\t<section class=\"shipping-calculator-form\" style=\"display:none;\">\n\n\t\t\t\t\t<p class=\"form-row form-row-wide\" id=\"calc_shipping_country_field\">\n\t\t\t\t<label for=\"calc_shipping_country\" class=\"screen-reader-text\">Pa\u00eds o regi\u00f3n:<\/label>\n\t\t\t\t<select name=\"calc_shipping_country\" id=\"calc_shipping_country\" class=\"country_to_state country_select\" rel=\"calc_shipping_state\">\n\t\t\t\t\t<option value=\"default\">Selecciona un pa\u00eds\/regi\u00f3n&hellip;<\/option>\n\t\t\t\t\t<option value=\"AF\">Afganist\u00e1n<\/option><option value=\"AL\">Albania<\/option><option value=\"DE\">Alemania<\/option><option value=\"AD\">Andorra<\/option><option value=\"AO\">Angola<\/option><option value=\"AI\">Anguila<\/option><option value=\"AQ\">Ant\u00e1rtida<\/option><option value=\"AG\">Antigua y Barbuda<\/option><option value=\"SA\">Arabia Saudita<\/option><option value=\"DZ\">Argelia<\/option><option value=\"AR\" selected='selected'>Argentina<\/option><option value=\"AM\">Armenia<\/option><option value=\"AW\">Aruba<\/option><option value=\"AU\">Australia<\/option><option value=\"AT\">Austria<\/option><option value=\"AZ\">Azerbaijan<\/option><option value=\"BS\">Bahamas<\/option><option value=\"BH\">Bahrain<\/option><option value=\"BD\">Bangladesh<\/option><option value=\"BB\">Barbados<\/option><option value=\"PW\">Belau<\/option><option value=\"BE\">B\u00e9lgica<\/option><option value=\"BZ\">Belize<\/option><option value=\"BJ\">Benin<\/option><option value=\"BM\">Bermuda<\/option><option value=\"BT\">Bhutan<\/option><option value=\"BY\">Bielorrusia<\/option><option value=\"MM\">Birmania<\/option><option value=\"BO\">Bolivia<\/option><option value=\"BQ\">Bonaire, San Eustaquio y Saba<\/option><option value=\"BA\">Bosnia y Herzegovina<\/option><option value=\"BW\">Botswana<\/option><option value=\"BR\">Brasil<\/option><option value=\"BN\">Brun\u00e9i<\/option><option value=\"BG\">Bulgaria<\/option><option value=\"BF\">Burkina Faso<\/option><option value=\"BI\">Burundi<\/option><option value=\"CV\">Cabo Verde<\/option><option value=\"KH\">Camboya<\/option><option value=\"CM\">Camer\u00fan<\/option><option value=\"CA\">Canad\u00e1<\/option><option value=\"TD\">Chad<\/option><option value=\"CL\">Chile<\/option><option value=\"CN\">China<\/option><option value=\"CY\">Chipre<\/option><option value=\"VA\">Ciudad del Vaticano<\/option><option value=\"CO\">Colombia<\/option><option value=\"KM\">Comoras<\/option><option value=\"CG\">Congo (Brazzaville)<\/option><option value=\"CD\">Congo (Kinshasa)<\/option><option value=\"KP\">Corea del Norte<\/option><option value=\"KR\">Corea del Sur<\/option><option value=\"CI\">Costa de Marfil<\/option><option value=\"CR\">Costa Rica<\/option><option value=\"HR\">Croacia<\/option><option value=\"CU\">Cuba<\/option><option value=\"CW\">Cura&ccedil;ao<\/option><option value=\"DK\">Dinamarca<\/option><option value=\"DJ\">Djibouti<\/option><option value=\"DM\">Dominica<\/option><option value=\"EC\">Ecuador<\/option><option value=\"EG\">Egipto<\/option><option value=\"SV\">El Salvador<\/option><option value=\"AE\">Emiratos \u00c1rabes Unidos<\/option><option value=\"ER\">Eritrea<\/option><option value=\"SK\">Eslovaquia<\/option><option value=\"SI\">Eslovenia<\/option><option value=\"ES\">Espa\u00f1a<\/option><option value=\"US\">Estados Unidos (EEUU)<\/option><option value=\"EE\">Estonia<\/option><option value=\"SZ\">Esuatini<\/option><option value=\"ET\">Etiop\u00eda<\/option><option value=\"PH\">Filipinas<\/option><option value=\"FI\">Finlandia<\/option><option value=\"FJ\">Fiyi<\/option><option value=\"FR\">Francia<\/option><option value=\"GA\">Gab\u00f3n<\/option><option value=\"GM\">Gambia<\/option><option value=\"GE\">Georgia<\/option><option value=\"GH\">Ghana<\/option><option value=\"GI\">Gibraltar<\/option><option value=\"GD\">Granada<\/option><option value=\"GR\">Grecia<\/option><option value=\"GL\">Groenlandia<\/option><option value=\"GP\">Guadalupe<\/option><option value=\"GU\">Guam<\/option><option value=\"GT\">Guatemala<\/option><option value=\"GF\">Guayana Francesa<\/option><option value=\"GG\">Guernsey<\/option><option value=\"GN\">Guinea<\/option><option value=\"GQ\">Guinea Ecuatorial<\/option><option value=\"GW\">Guinea-Bis\u00e1u<\/option><option value=\"GY\">Guyana<\/option><option value=\"HT\">Hait\u00ed<\/option><option value=\"HN\">Honduras<\/option><option value=\"HK\">Hong Kong<\/option><option value=\"HU\">Hungr\u00eda<\/option><option value=\"IN\">India<\/option><option value=\"ID\">Indonesia<\/option><option value=\"IQ\">Irak<\/option><option value=\"IR\">Ir\u00e1n<\/option><option value=\"IE\">Irlanda<\/option><option value=\"BV\">Isla Bouvet<\/option><option value=\"IM\">Isla de Man<\/option><option value=\"CX\">Isla de Navidad<\/option><option value=\"NF\">Isla Norfolk<\/option><option value=\"SH\">Isla Santa Elena<\/option><option value=\"IS\">Islandia<\/option><option value=\"AX\">Islas \u00c5land<\/option><option value=\"KY\">Islas Caim\u00e1n<\/option><option value=\"CC\">Islas Cocos<\/option><option value=\"CK\">Islas Cook<\/option><option value=\"UM\">Islas de ultramar menores de Estados Unidos (EEUU)<\/option><option value=\"FO\">Islas Feroe<\/option><option value=\"GS\">Islas Georgias y Sandwich del Sur<\/option><option value=\"HM\">Islas Heard y McDonald<\/option><option value=\"FK\">Islas Malvinas<\/option><option value=\"MP\">Islas Marianas del Norte<\/option><option value=\"MH\">Islas Marshall<\/option><option value=\"SB\">Islas Salom\u00f3n<\/option><option value=\"TC\">Islas Turcas y Caicos<\/option><option value=\"VG\">Islas V\u00edrgenes (Brit\u00e1nicas)<\/option><option value=\"VI\">Islas V\u00edrgenes (EEUU)<\/option><option value=\"IL\">Israel<\/option><option value=\"IT\">Italia<\/option><option value=\"JM\">Jamaica<\/option><option value=\"JP\">Jap\u00f3n<\/option><option value=\"JE\">Jersey<\/option><option value=\"JO\">Jordania<\/option><option value=\"KZ\">Kazajist\u00e1n<\/option><option value=\"KE\">Kenia<\/option><option value=\"KG\">Kirguist\u00e1n<\/option><option value=\"KI\">Kiribati<\/option><option value=\"KW\">Kuwait<\/option><option value=\"LA\">Laos<\/option><option value=\"LS\">Lesoto<\/option><option value=\"LV\">Letonia<\/option><option value=\"LB\">L\u00edbano<\/option><option value=\"LR\">Liberia<\/option><option value=\"LY\">Libia<\/option><option value=\"LI\">Liechtenstein<\/option><option value=\"LT\">Lituania<\/option><option value=\"LU\">Luxemburgo<\/option><option value=\"MO\">Macao<\/option><option value=\"MK\">Macedonia del Norte<\/option><option value=\"MG\">Madagascar<\/option><option value=\"MY\">Malasia<\/option><option value=\"MW\">Malaui<\/option><option value=\"MV\">Maldivas<\/option><option value=\"ML\">Mal\u00ed<\/option><option value=\"MT\">Malta<\/option><option value=\"MA\">Marruecos<\/option><option value=\"MQ\">Martinica<\/option><option value=\"MU\">Mauricio<\/option><option value=\"MR\">Mauritania<\/option><option value=\"YT\">Mayotte<\/option><option value=\"MX\">M\u00e9xico<\/option><option value=\"FM\">Micronesia<\/option><option value=\"MD\">Moldavia<\/option><option value=\"MC\">M\u00f3naco<\/option><option value=\"MN\">Mongolia<\/option><option value=\"ME\">Montenegro<\/option><option value=\"MS\">Montserrat<\/option><option value=\"MZ\">Mozambique<\/option><option value=\"NA\">Namibia<\/option><option value=\"NR\">Nauru<\/option><option value=\"NP\">Nepal<\/option><option value=\"NI\">Nicaragua<\/option><option value=\"NE\">N\u00edger<\/option><option value=\"NG\">Nigeria<\/option><option value=\"NU\">Niue<\/option><option value=\"NO\">Noruega<\/option><option value=\"NC\">Nueva Caledonia<\/option><option value=\"NZ\">Nueva Zelanda<\/option><option value=\"OM\">Om\u00e1n<\/option><option value=\"NL\">Pa\u00edses Bajos<\/option><option value=\"PK\">Pakist\u00e1n<\/option><option value=\"PA\">Panam\u00e1<\/option><option value=\"PG\">Pap\u00faa Nueva Guinea<\/option><option value=\"PY\">Paraguay<\/option><option value=\"PE\">Per\u00fa<\/option><option value=\"PN\">Pitcairn<\/option><option value=\"PF\">Polinesia Francesa<\/option><option value=\"PL\">Polonia<\/option><option value=\"PT\">Portugal<\/option><option value=\"PR\">Puerto Rico<\/option><option value=\"QA\">Qatar<\/option><option value=\"GB\">Reino Unido (UK)<\/option><option value=\"CF\">Rep\u00fablica Centroafricana<\/option><option value=\"CZ\">Rep\u00fablica Checa<\/option><option value=\"DO\">Rep\u00fablica Dominicana<\/option><option value=\"RE\">Reuni\u00f3n<\/option><option value=\"RW\">Ruanda<\/option><option value=\"RO\">Rumania<\/option><option value=\"RU\">Rusia<\/option><option value=\"EH\">Sahara Occidental<\/option><option value=\"WS\">Samoa<\/option><option value=\"AS\">Samoa Americana<\/option><option value=\"BL\">San Bartolom\u00e9<\/option><option value=\"KN\">San Crist\u00f3bal y Nieves<\/option><option value=\"SM\">San Marino<\/option><option value=\"SX\">San Mart\u00edn (Pa\u00edses Bajos)<\/option><option value=\"MF\">San Mart\u00edn (parte de Francia)<\/option><option value=\"PM\">San Pedro y Miquel\u00f3n<\/option><option value=\"VC\">San Vicente y las Granadinas<\/option><option value=\"LC\">Santa Luc\u00eda<\/option><option value=\"ST\">Santo Tom\u00e9 y Pr\u00edncipe<\/option><option value=\"SN\">Senegal<\/option><option value=\"RS\">Serbia<\/option><option value=\"SC\">Seychelles<\/option><option value=\"SL\">Sierra Leona<\/option><option value=\"SG\">Singapur<\/option><option value=\"SY\">Siria<\/option><option value=\"SO\">Somalia<\/option><option value=\"LK\">Sri Lanka<\/option><option value=\"ZA\">Sud\u00e1frica<\/option><option value=\"SD\">Sud\u00e1n<\/option><option value=\"SS\">Sud\u00e1n del Sur<\/option><option value=\"SE\">Suecia<\/option><option value=\"CH\">Suiza<\/option><option value=\"SR\">Surinam<\/option><option value=\"SJ\">Svalbard y Jan Mayen<\/option><option value=\"TH\">Tailandia<\/option><option value=\"TW\">Taiw\u00e1n<\/option><option value=\"TZ\">Tanzania<\/option><option value=\"TJ\">Tayikist\u00e1n<\/option><option value=\"IO\">Territorio Brit\u00e1nico del Oc\u00e9ano \u00cdndico<\/option><option value=\"TF\">Territorios australes franceses<\/option><option value=\"PS\">Territorios Palestinos<\/option><option value=\"TL\">Timor Oriental<\/option><option value=\"TG\">Togo<\/option><option value=\"TK\">Tokelau<\/option><option value=\"TO\">Tonga<\/option><option value=\"TT\">Trinidad y Tobago<\/option><option value=\"TN\">T\u00fanez<\/option><option value=\"TM\">Turkmenist\u00e1n<\/option><option value=\"TR\">Turqu\u00eda<\/option><option value=\"TV\">Tuvalu<\/option><option value=\"UA\">Ucrania<\/option><option value=\"UG\">Uganda<\/option><option value=\"UY\">Uruguay<\/option><option value=\"UZ\">Uzbekist\u00e1n<\/option><option value=\"VU\">Vanuatu<\/option><option value=\"VE\">Venezuela<\/option><option value=\"VN\">Vietnam<\/option><option value=\"WF\">Wallis y Futuna<\/option><option value=\"YE\">Yemen<\/option><option value=\"ZM\">Zambia<\/option><option value=\"ZW\">Zimbabue<\/option>\t\t\t\t<\/select>\n\t\t\t<\/p>\n\t\t\n\t\t\t\t\t<p class=\"form-row form-row-wide\" id=\"calc_shipping_state_field\">\n\t\t\t\t\t\t\t\t\t<span>\n\t\t\t\t\t\t<label for=\"calc_shipping_state\" class=\"screen-reader-text\">Regi\u00f3n \/ Provincia:<\/label>\n\t\t\t\t\t\t<select name=\"calc_shipping_state\" class=\"state_select\" id=\"calc_shipping_state\" data-placeholder=\"Regi\u00f3n \/ Provincia\">\n\t\t\t\t\t\t\t<option value=\"\">Elige una opci\u00f3n&hellip;<\/option>\n\t\t\t\t\t\t\t<option value=\"C\" >Ciudad Aut\u00f3noma de Buenos Aires<\/option><option value=\"B\" >Buenos Aires<\/option><option value=\"K\" >Catamarca<\/option><option value=\"H\" >Chaco<\/option><option value=\"U\" >Chubut<\/option><option value=\"X\" >C\u00f3rdoba<\/option><option value=\"W\" >Corrientes<\/option><option value=\"E\" >Entre R\u00edos<\/option><option value=\"P\" >Formosa<\/option><option value=\"Y\" >Jujuy<\/option><option value=\"L\" >La Pampa<\/option><option value=\"F\" >La Rioja<\/option><option value=\"M\" >Mendoza<\/option><option value=\"N\" >Misiones<\/option><option value=\"Q\" >Neuqu\u00e9n<\/option><option value=\"R\" >R\u00edo Negro<\/option><option value=\"A\" >Salta<\/option><option value=\"J\" >San Juan<\/option><option value=\"D\" >San Luis<\/option><option value=\"Z\" >Santa Cruz<\/option><option value=\"S\"  selected='selected'>Santa Fe<\/option><option value=\"G\" >Santiago del Estero<\/option><option value=\"V\" >Tierra del Fuego<\/option><option value=\"T\" >Tucum\u00e1n<\/option>\t\t\t\t\t\t<\/select>\n\t\t\t\t\t<\/span>\n\t\t\t\t\t\t\t\t<\/p>\n\t\t\n\t\t\t\t\t<p class=\"form-row form-row-wide\" id=\"calc_shipping_city_field\">\n\t\t\t\t<label for=\"calc_shipping_city\" class=\"screen-reader-text\">Ciudad:<\/label>\n\t\t\t\t<input type=\"text\" class=\"input-text\" value=\"\" placeholder=\"Ciudad\" name=\"calc_shipping_city\" id=\"calc_shipping_city\" \/>\n\t\t\t<\/p>\n\t\t\n\t\t\t\t\t<p class=\"form-row form-row-wide\" id=\"calc_shipping_postcode_field\">\n\t\t\t\t<label for=\"calc_shipping_postcode\" class=\"screen-reader-text\">C\u00f3digo postal:<\/label>\n\t\t\t\t<input type=\"text\" class=\"input-text\" value=\"\" placeholder=\"C\u00f3digo postal \/ ZIP\" name=\"calc_shipping_postcode\" id=\"calc_shipping_postcode\" \/>\n\t\t\t<\/p>\n\t\t\n\t\t<p><button type=\"submit\" name=\"calc_shipping\" value=\"1\" class=\"button\">Actualizar<\/button><\/p>\n\t\t<input type=\"hidden\" id=\"woocommerce-shipping-calculator-nonce\" name=\"woocommerce-shipping-calculator-nonce\" value=\"71b2f30b65\" \/><input type=\"hidden\" name=\"_wp_http_referer\" value=\"\/index.php?rest_route=%2Fwp%2Fv2%2Fpages%2F7\" \/>\t<\/section>\n<\/form>\n\n\t\t\t\t\t\t\t\t\t\t\t<\/td>\n\t\t\t\t<\/tr>\n\t\t\t<\/tbody>\n\t\t<\/table>\n\t<\/td>\n<\/tr>\n\n\t\t\t\n\t\t\n\t\t\n\t\t\n\t\t\n\t\t<tr class=\"order-total\">\n\t\t\t<th>Total<\/th>\n\t\t\t<td data-title=\"Total\"><strong><span class=\"woocommerce-Price-amount amount\"><bdi><span class=\"woocommerce-Price-currencySymbol\">&#36;<\/span>&nbsp;32.649,36<\/bdi><\/span><\/strong> <\/td>\n\t\t<\/tr>\n\n\t\t\n\t<\/table>\n\n\t<div class=\"wc-proceed-to-checkout\">\n\t\t\n<a href=\"https:\/\/farmasimply.com.ar\/?page_id=8\" class=\"checkout-button button alt wc-forward\">\n\tFinalizar compra<\/a>\n\t<\/div>\n\n\t\n<\/div>\n\t\t\t\t<form class=\"checkout_coupon mb-0\" method=\"post\">\n\t\t\t<div class=\"coupon\">\n\t\t\t\t<h3 class=\"widget-title\"><i class=\"icon-tag\" ><\/i> Cup\u00f3n<\/h3><input type=\"text\" name=\"coupon_code\" class=\"input-text\" id=\"coupon_code\" value=\"\" placeholder=\"C\u00f3digo de cup\u00f3n\" \/> <input type=\"submit\" class=\"is-form expand\" name=\"apply_coupon\" value=\"Aplicar cup\u00f3n\" \/>\n\t\t\t\t\t\t\t<\/div>\n\t\t<\/form>\n\t\t\t\t<div class=\"cart-sidebar-content relative\"><\/div>\t<\/div>\n\n\t<\/div>\n<\/div>\n\n<div class=\"cart-footer-content after-cart-content relative\"><\/div><\/div>\n","protected":false},"excerpt":{"rendered":"","protected":false},"author":1,"featured_media":0,"parent":0,"menu_order":0,"comment_status":"closed","ping_status":"closed","template":"","meta":{"footnotes":""},"jetpack_sharing_enabled":true,"_links":{"self":[{"href":"https:\/\/farmasimply.com.ar\/index.php?rest_route=\/wp\/v2\/pages\/7"}],"collection":[{"href":"https:\/\/farmasimply.com.ar\/index.php?rest_route=\/wp\/v2\/pages"}],"about":[{"href":"https:\/\/farmasimply.com.ar\/index.php?rest_route=\/wp\/v2\/types\/page"}],"author":[{"embeddable":true,"href":"https:\/\/farmasimply.com.ar\/index.php?rest_route=\/wp\/v2\/users\/1"}],"replies":[{"embeddable":true,"href":"https:\/\/farmasimply.com.ar\/index.php?rest_route=%2Fwp%2Fv2%2Fcomments&post=7"}],"version-history":[{"count":0,"href":"https:\/\/farmasimply.com.ar\/index.php?rest_route=\/wp\/v2\/pages\/7\/revisions"}],"wp:attachment":[{"href":"https:\/\/farmasimply.com.ar\/index.php?rest_route=%2Fwp%2Fv2%2Fmedia&parent=7"}],"curies":[{"name":"wp","href":"https:\/\/api.w.org\/{rel}","templated":true}]}}